{"id":5265,"date":"2023-11-03T14:56:58","date_gmt":"2023-11-03T13:56:58","guid":{"rendered":"https:\/\/changescoworking.com\/?page_id=5265"},"modified":"2023-11-03T14:57:01","modified_gmt":"2023-11-03T13:57:01","slug":"ufficio-privato-rovigo","status":"publish","type":"page","link":"https:\/\/changescoworking.com\/en\/ufficio-privato-rovigo\/","title":{"rendered":"Rovigo office"},"content":{"rendered":"<h1 class=\"wp-block-heading\">Ufficio a Rovigo per la tua attivit\u00e0.<\/h1>\n\n\n\n<p><strong>Call us now<\/strong> for information on <a href=\"callto:+04251548520\">02 4958 4615<\/a>, with our customer service you can book the visit of your next all-inclusive private office at the Rovigo office.<\/p>\n\n\n\n<div class=\"wp-block-columns is-layout-flex wp-container-core-columns-is-layout-d0b3c9c8 wp-block-columns-is-layout-flex\">\n<div class=\"wp-block-column is-layout-flow wp-block-column-is-layout-flow\">\n<figure class=\"wp-block-image size-large is-resized is-style-tw-rounded-corners wp-duotone-000000-f4f4f4-1\"><img data-recalc-dims=\"1\" fetchpriority=\"high\" decoding=\"async\" width=\"720\" height=\"1080\" data-attachment-id=\"5267\" data-permalink=\"https:\/\/changescoworking.com\/en\/ufficio-privato-rovigo\/changes-67\/\" data-orig-file=\"https:\/\/i0.wp.com\/changescoworking.com\/wp-content\/uploads\/2023\/11\/Changes-67-scaled.jpg?fit=1707%2C2560&amp;ssl=1\" data-orig-size=\"1707,2560\" data-comments-opened=\"0\" data-image-meta=\"{&quot;aperture&quot;:&quot;22&quot;,&quot;credit&quot;:&quot;&quot;,&quot;camera&quot;:&quot;ILCE-7M4&quot;,&quot;caption&quot;:&quot;&quot;,&quot;created_timestamp&quot;:&quot;1689928085&quot;,&quot;copyright&quot;:&quot;&quot;,&quot;focal_length&quot;:&quot;16&quot;,&quot;iso&quot;:&quot;125&quot;,&quot;shutter_speed&quot;:&quot;0.5&quot;,&quot;title&quot;:&quot;&quot;,&quot;orientation&quot;:&quot;0&quot;}\" data-image-title=\"Changes-67\" data-image-description=\"\" data-image-caption=\"\" data-large-file=\"https:\/\/i0.wp.com\/changescoworking.com\/wp-content\/uploads\/2023\/11\/Changes-67-scaled.jpg?fit=720%2C1080&amp;ssl=1\" src=\"https:\/\/i0.wp.com\/changescoworking.com\/wp-content\/uploads\/2023\/11\/Changes-67-720x1080.jpg?resize=720%2C1080&#038;ssl=1\" alt=\"\" class=\"wp-image-5267\" style=\"aspect-ratio:0.6675925925925926;width:390px;height:auto\" srcset=\"https:\/\/i0.wp.com\/changescoworking.com\/wp-content\/uploads\/2023\/11\/Changes-67-scaled.jpg?resize=720%2C1080&amp;ssl=1 720w, https:\/\/i0.wp.com\/changescoworking.com\/wp-content\/uploads\/2023\/11\/Changes-67-scaled.jpg?resize=200%2C300&amp;ssl=1 200w, https:\/\/i0.wp.com\/changescoworking.com\/wp-content\/uploads\/2023\/11\/Changes-67-scaled.jpg?resize=768%2C1152&amp;ssl=1 768w, https:\/\/i0.wp.com\/changescoworking.com\/wp-content\/uploads\/2023\/11\/Changes-67-scaled.jpg?resize=1024%2C1536&amp;ssl=1 1024w, https:\/\/i0.wp.com\/changescoworking.com\/wp-content\/uploads\/2023\/11\/Changes-67-scaled.jpg?resize=1365%2C2048&amp;ssl=1 1365w, https:\/\/i0.wp.com\/changescoworking.com\/wp-content\/uploads\/2023\/11\/Changes-67-scaled.jpg?resize=8%2C12&amp;ssl=1 8w, https:\/\/i0.wp.com\/changescoworking.com\/wp-content\/uploads\/2023\/11\/Changes-67-scaled.jpg?resize=1568%2C2352&amp;ssl=1 1568w, https:\/\/i0.wp.com\/changescoworking.com\/wp-content\/uploads\/2023\/11\/Changes-67-scaled.jpg?w=1707&amp;ssl=1 1707w\" sizes=\"(max-width: 720px) 100vw, 720px\" \/><\/figure>\n<\/div>\n\n\n\n<div class=\"wp-block-column is-layout-flow wp-block-column-is-layout-flow\">\n<p>Stai cercando un ufficio a Rovigo per la tua attivit\u00e0? Accedi al servizio dedicato che include tutti i servizi necessari senza alcun costo aggiuntivo.<\/p>\n\n\n<div class=\"wp-block-jetpack-contact-form is-layout-flex wp-container-jetpack-contact-form-is-layout-b7ed9015 wp-block-jetpack-contact-form-is-layout-flex\"><a href=\"https:\/\/changescoworking.com\/en\/ufficio-privato-rovigo\/\" target=\"_blank\" rel=\"noopener noreferrer\">Submit to form.<\/a><\/div><\/div>\n<\/div>\n\n\n\n<hr class=\"wp-block-separator has-alpha-channel-opacity\"\/>\n\n\n\n<h2 class=\"wp-block-heading\">Are you looking for a new office in Rovigo for your business?<\/h2>\n\n\n\n<p><a href=\"https:\/\/changescoworking.com\/location\/rovigo\/\"> Our Business Center in Rovigo<\/a> \u00e8 una struttura di oltre 850 metri quadrati che ospita aziende e professionisti del territorio. Le nostre soluzioni sono su misura per le esigenze delle aziende in cerca di un&#8217;immagine professionale, flessibilit\u00e0 e accesso a servizi di alta qualit\u00e0.<\/p>\n\n\n\n<p>Il servizio di ufficio privato \u00e8 la soluzione giusta per le imprese che intendono ottenere una soluzione chiavi in mano per la loro attivit\u00e0. Tutti i servizi sono all inclusive come, ad esempio, la pulizia quotidiana della struttura, l&#8217;elettricit\u00e0 ed il WiFi.<\/p>\n\n\n\n<p>All&#8217;interno del Coworking di Milano troverai anche due sale riunioni prenotabili ad ore direttamente in front office o attraverso la nostra applicazione proprietaria.<\/p>\n\n\n\n<figure class=\"wp-block-image size-large is-style-tw-shadow\"><img data-recalc-dims=\"1\" decoding=\"async\" width=\"800\" height=\"600\" data-attachment-id=\"5255\" data-permalink=\"https:\/\/changescoworking.com\/en\/ufficio-privato-parma\/purple-and-white-minimalist-comparison-chart-graph-1\/\" data-orig-file=\"https:\/\/i0.wp.com\/changescoworking.com\/wp-content\/uploads\/2023\/11\/Purple-and-White-Minimalist-Comparison-Chart-Graph-1.png?fit=3200%2C2400&amp;ssl=1\" data-orig-size=\"3200,2400\" data-comments-opened=\"0\" data-image-meta=\"{&quot;aperture&quot;:&quot;0&quot;,&quot;credit&quot;:&quot;&quot;,&quot;camera&quot;:&quot;&quot;,&quot;caption&quot;:&quot;&quot;,&quot;created_timestamp&quot;:&quot;0&quot;,&quot;copyright&quot;:&quot;&quot;,&quot;focal_length&quot;:&quot;0&quot;,&quot;iso&quot;:&quot;0&quot;,&quot;shutter_speed&quot;:&quot;0&quot;,&quot;title&quot;:&quot;&quot;,&quot;orientation&quot;:&quot;0&quot;}\" data-image-title=\"Purple-and-White-Minimalist-Comparison-Chart-Graph-1\" data-image-description=\"\" data-image-caption=\"\" data-large-file=\"https:\/\/i0.wp.com\/changescoworking.com\/wp-content\/uploads\/2023\/11\/Purple-and-White-Minimalist-Comparison-Chart-Graph-1.png?fit=800%2C600&amp;ssl=1\" src=\"https:\/\/i0.wp.com\/changescoworking.com\/wp-content\/uploads\/2023\/11\/Purple-and-White-Minimalist-Comparison-Chart-Graph-1-1080x810.png?resize=800%2C600&#038;ssl=1\" alt=\"Comparazione ufficio privato tradizionale e ufficio privato in Changes Coworking\" class=\"wp-image-5255\" srcset=\"https:\/\/i0.wp.com\/changescoworking.com\/wp-content\/uploads\/2023\/11\/Purple-and-White-Minimalist-Comparison-Chart-Graph-1.png?resize=1080%2C810&amp;ssl=1 1080w, https:\/\/i0.wp.com\/changescoworking.com\/wp-content\/uploads\/2023\/11\/Purple-and-White-Minimalist-Comparison-Chart-Graph-1.png?resize=300%2C225&amp;ssl=1 300w, https:\/\/i0.wp.com\/changescoworking.com\/wp-content\/uploads\/2023\/11\/Purple-and-White-Minimalist-Comparison-Chart-Graph-1.png?resize=768%2C576&amp;ssl=1 768w, https:\/\/i0.wp.com\/changescoworking.com\/wp-content\/uploads\/2023\/11\/Purple-and-White-Minimalist-Comparison-Chart-Graph-1.png?resize=1536%2C1152&amp;ssl=1 1536w, https:\/\/i0.wp.com\/changescoworking.com\/wp-content\/uploads\/2023\/11\/Purple-and-White-Minimalist-Comparison-Chart-Graph-1.png?resize=2048%2C1536&amp;ssl=1 2048w, https:\/\/i0.wp.com\/changescoworking.com\/wp-content\/uploads\/2023\/11\/Purple-and-White-Minimalist-Comparison-Chart-Graph-1.png?resize=16%2C12&amp;ssl=1 16w, https:\/\/i0.wp.com\/changescoworking.com\/wp-content\/uploads\/2023\/11\/Purple-and-White-Minimalist-Comparison-Chart-Graph-1.png?resize=1568%2C1176&amp;ssl=1 1568w, https:\/\/i0.wp.com\/changescoworking.com\/wp-content\/uploads\/2023\/11\/Purple-and-White-Minimalist-Comparison-Chart-Graph-1.png?w=2400 2400w\" sizes=\"(max-width: 800px) 100vw, 800px\" \/><figcaption class=\"wp-element-caption\">Differenze tra un ufficio privato tradizionale e l&#8217;ufficio in Changes Coworking.<\/figcaption><\/figure>\n\n\n\n<h3 class=\"wp-block-heading\">5 reasons to choose a private office in Changes Coworking Rovigo<\/h3>\n\n\n\n<p>Scegliere un ufficio nel coworking Changes a Rovigo pu\u00f2 essere vantaggioso per diversi motivi:<\/p>\n\n\n\n<ol class=\"wp-block-list\">\n<li><strong>Supporto alla comunit\u00e0 e alla crescita<\/strong>: Lo spazio \u00e8 progettato per ospitare una comunit\u00e0 imprenditoriale intraprendente, con un team che supporta la crescita delle attivit\u00e0 e offre opportunit\u00e0 di networking e eventi formativi.<br><\/li>\n\n\n\n<li><strong>Carefully designed offices<\/strong>: Ogni ufficio \u00e8 minuziosamente progettato con arredamento funzionale in un ambiente luminoso e moderno, dotato di connettivit\u00e0 web ultraveloce e archiviazione privata.<br><\/li>\n\n\n\n<li><strong>Services included<\/strong>: The center offers a welcoming working environment with numerous services, ideal for companies, startups and professionals who wish to expand their network in a peaceful environment.<br><\/li>\n\n\n\n<li><strong>Event and meeting facilities<\/strong>: It has a multifunctional conference room and a meeting room perfect for business meetings, both with a modular layout suitable for various types of events and meetings.<br><\/li>\n\n\n\n<li><strong>Accessibilit\u00e0<\/strong>: La location \u00e8 facilmente accessibile dalla stazione centrale con autobus, bicicletta o auto. In fronte alla struttura vi \u00e8 un grande parcheggio gratuito.<\/li>\n<\/ol>\n\n\n\n<h3 class=\"wp-block-heading\">Discover the private office service, talk to our experts.<\/h3>\n\n\n\n<figure class=\"wp-block-embed is-type-video is-provider-youtube wp-block-embed-youtube wp-embed-aspect-16-9 wp-has-aspect-ratio\"><div class=\"wp-block-embed__wrapper\">\n<span class=\"embed-youtube\" style=\"text-align:center; display: block;\"><iframe class=\"youtube-player\" width=\"800\" height=\"450\" src=\"https:\/\/www.youtube.com\/embed\/09Y2yT04Fxc?version=3&#038;rel=1&#038;showsearch=0&#038;showinfo=1&#038;iv_load_policy=1&#038;fs=1&#038;hl=en-GB&#038;autohide=2&#038;wmode=transparent\" allowfullscreen=\"true\" style=\"border:0;\" sandbox=\"allow-scripts allow-same-origin allow-popups allow-presentation allow-popups-to-escape-sandbox\"><\/iframe><\/span>\n<\/div><figcaption class=\"wp-element-caption\">Word to our experts.<\/figcaption><\/figure>\n\n\n\n<p>Do you want to book an introductory call directly with our experts? Choose the time slot you prefer.<\/p>\n\n\n\n<div class=\"wp-block-buttons is-content-justification-center is-layout-flex wp-container-core-buttons-is-layout-a89b3969 wp-block-buttons-is-layout-flex\">\n<div class=\"wp-block-button\"><a class=\"wp-block-button__link has-text-align-center wp-element-button\" href=\"https:\/\/calendly.com\/changescoworking\/15min\">book the call with our consultants<\/a><\/div>\n<\/div>\n\n\n\n<h3 class=\"wp-block-heading\">About us<\/h3>\n\n\n\n<blockquote class=\"wp-block-quote is-layout-flow wp-block-quote-is-layout-flow\">\n<p>Ho scoperto una Community unica all&#8217;interno della rete di Changes Coworking che mi ha permesso di ampliare il mio network ed il mio business. &#8220;<\/p>\n<cite><em>Luke | Customer since 202<\/em>2<\/cite><\/blockquote>\n\n\n\n<blockquote class=\"wp-block-quote is-layout-flow wp-block-quote-is-layout-flow\">\n<p>Con il servizio di ufficio privato a Rovigo pago un canone mensile all inclusive. In questo modo riesco a focalizzarmi sulla mia attivit\u00e0. &#8220;<\/p>\n<cite><em>Matthew | Customer since 2023<\/em><\/cite><\/blockquote>\n\n\n\n<div class=\"wp-block-buttons is-content-justification-center is-layout-flex wp-container-core-buttons-is-layout-a89b3969 wp-block-buttons-is-layout-flex\">\n<div class=\"wp-block-button\"><a class=\"wp-block-button__link has-text-align-center wp-element-button\" href=\"https:\/\/calendly.com\/changescoworking\/15min\">book the call with our consultants<\/a><\/div>\n<\/div>","protected":false},"excerpt":{"rendered":"<p>Ufficio a Rovigo per la tua attivit\u00e0. Chiamaci subito per avere informazioni al 02 4958 4615, con il nostro servizio clienti puoi prenotare la visita del tuo prossimo ufficio privato all inclusive presso la sede di Rovigo. Stai cercando un ufficio a Rovigo per la tua attivit\u00e0? Accedi al servizio dedicato che include tutti i&hellip; <a class=\"more-link\" href=\"https:\/\/changescoworking.com\/en\/ufficio-privato-rovigo\/\">Continue reading <span class=\"screen-reader-text\">Rovigo office<\/span><\/a><\/p>","protected":false},"author":1,"featured_media":0,"parent":0,"menu_order":0,"comment_status":"closed","ping_status":"closed","template":"","meta":{"_acf_changed":false,"inline_featured_image":false,"footnotes":""},"class_list":["post-5265","page","type-page","status-publish","hentry","entry"],"acf":[],"yoast_head":"<!-- This site is optimized with the Yoast SEO plugin v27.3 - https:\/\/yoast.com\/product\/yoast-seo-wordpress\/ -->\n<title>Ufficio a Rovigo per la tua attivit\u00e0 | Arredo e servizio inclusi.<\/title>\n<meta name=\"description\" content=\"Scopri il tuo prossimo ufficio a Rovigo. Nessun anticipo, servizi all inclusive e arredo professionale gi\u00e0 presente in struttura.\" \/>\n<meta name=\"robots\" content=\"index, follow, max-snippet:-1, max-image-preview:large, max-video-preview:-1\" \/>\n<link rel=\"canonical\" href=\"https:\/\/changescoworking.com\/en\/ufficio-privato-rovigo\/\" \/>\n<meta property=\"og:locale\" content=\"en_GB\" \/>\n<meta property=\"og:type\" content=\"article\" \/>\n<meta property=\"og:title\" content=\"Ufficio a Rovigo per la tua attivit\u00e0 | Arredo e servizio inclusi.\" \/>\n<meta property=\"og:description\" content=\"Scopri il tuo prossimo ufficio a Rovigo. Nessun anticipo, servizi all inclusive e arredo professionale gi\u00e0 presente in struttura.\" \/>\n<meta property=\"og:url\" content=\"https:\/\/changescoworking.com\/en\/ufficio-privato-rovigo\/\" \/>\n<meta property=\"og:site_name\" content=\"Changes\" \/>\n<meta property=\"article:publisher\" content=\"https:\/\/www.facebook.com\/changescoworking\" \/>\n<meta property=\"article:modified_time\" content=\"2023-11-03T13:57:01+00:00\" \/>\n<meta property=\"og:image\" content=\"https:\/\/changescoworking.com\/wp-content\/uploads\/2023\/11\/Changes-67-720x1080.jpg\" \/>\n<meta name=\"twitter:card\" content=\"summary_large_image\" \/>\n<meta name=\"twitter:site\" content=\"@changescoworking\" \/>\n<script type=\"application\/ld+json\" class=\"yoast-schema-graph\">{\"@context\":\"https:\\\/\\\/schema.org\",\"@graph\":[{\"@type\":\"WebPage\",\"@id\":\"https:\\\/\\\/changescoworking.com\\\/ufficio-privato-rovigo\\\/\",\"url\":\"https:\\\/\\\/changescoworking.com\\\/ufficio-privato-rovigo\\\/\",\"name\":\"Ufficio a Rovigo per la tua attivit\u00e0 | Arredo e servizio inclusi.\",\"isPartOf\":{\"@id\":\"https:\\\/\\\/changescoworking.com\\\/#website\"},\"primaryImageOfPage\":{\"@id\":\"https:\\\/\\\/changescoworking.com\\\/ufficio-privato-rovigo\\\/#primaryimage\"},\"image\":{\"@id\":\"https:\\\/\\\/changescoworking.com\\\/ufficio-privato-rovigo\\\/#primaryimage\"},\"thumbnailUrl\":\"https:\\\/\\\/changescoworking.com\\\/wp-content\\\/uploads\\\/2023\\\/11\\\/Changes-67-720x1080.jpg\",\"datePublished\":\"2023-11-03T13:56:58+00:00\",\"dateModified\":\"2023-11-03T13:57:01+00:00\",\"description\":\"Scopri il tuo prossimo ufficio a Rovigo. Nessun anticipo, servizi all inclusive e arredo professionale gi\u00e0 presente in struttura.\",\"breadcrumb\":{\"@id\":\"https:\\\/\\\/changescoworking.com\\\/ufficio-privato-rovigo\\\/#breadcrumb\"},\"inLanguage\":\"en-GB\",\"potentialAction\":[{\"@type\":\"ReadAction\",\"target\":[\"https:\\\/\\\/changescoworking.com\\\/ufficio-privato-rovigo\\\/\"]}]},{\"@type\":\"ImageObject\",\"inLanguage\":\"en-GB\",\"@id\":\"https:\\\/\\\/changescoworking.com\\\/ufficio-privato-rovigo\\\/#primaryimage\",\"url\":\"https:\\\/\\\/changescoworking.com\\\/wp-content\\\/uploads\\\/2023\\\/11\\\/Changes-67-720x1080.jpg\",\"contentUrl\":\"https:\\\/\\\/changescoworking.com\\\/wp-content\\\/uploads\\\/2023\\\/11\\\/Changes-67-720x1080.jpg\"},{\"@type\":\"BreadcrumbList\",\"@id\":\"https:\\\/\\\/changescoworking.com\\\/ufficio-privato-rovigo\\\/#breadcrumb\",\"itemListElement\":[{\"@type\":\"ListItem\",\"position\":1,\"name\":\"Home\",\"item\":\"https:\\\/\\\/changescoworking.com\\\/\"},{\"@type\":\"ListItem\",\"position\":2,\"name\":\"Ufficio Rovigo\"}]},{\"@type\":\"WebSite\",\"@id\":\"https:\\\/\\\/changescoworking.com\\\/#website\",\"url\":\"https:\\\/\\\/changescoworking.com\\\/\",\"name\":\"Changes\",\"description\":\"Coworking e spazi di lavoro in Italia.\",\"publisher\":{\"@id\":\"https:\\\/\\\/changescoworking.com\\\/#organization\"},\"potentialAction\":[{\"@type\":\"SearchAction\",\"target\":{\"@type\":\"EntryPoint\",\"urlTemplate\":\"https:\\\/\\\/changescoworking.com\\\/?s={search_term_string}\"},\"query-input\":{\"@type\":\"PropertyValueSpecification\",\"valueRequired\":true,\"valueName\":\"search_term_string\"}}],\"inLanguage\":\"en-GB\"},{\"@type\":\"Organization\",\"@id\":\"https:\\\/\\\/changescoworking.com\\\/#organization\",\"name\":\"Changes Coworking\",\"url\":\"https:\\\/\\\/changescoworking.com\\\/\",\"logo\":{\"@type\":\"ImageObject\",\"inLanguage\":\"en-GB\",\"@id\":\"https:\\\/\\\/changescoworking.com\\\/#\\\/schema\\\/logo\\\/image\\\/\",\"url\":\"https:\\\/\\\/i0.wp.com\\\/changescoworking.com\\\/wp-content\\\/uploads\\\/2022\\\/06\\\/changes-logo.png?fit=300%2C96&ssl=1\",\"contentUrl\":\"https:\\\/\\\/i0.wp.com\\\/changescoworking.com\\\/wp-content\\\/uploads\\\/2022\\\/06\\\/changes-logo.png?fit=300%2C96&ssl=1\",\"width\":300,\"height\":96,\"caption\":\"Changes Coworking\"},\"image\":{\"@id\":\"https:\\\/\\\/changescoworking.com\\\/#\\\/schema\\\/logo\\\/image\\\/\"},\"sameAs\":[\"https:\\\/\\\/www.facebook.com\\\/changescoworking\",\"https:\\\/\\\/x.com\\\/changescoworking\",\"https:\\\/\\\/www.instagram.com\\\/changescoworking\",\"https:\\\/\\\/www.linkedin.com\\\/company\\\/70392816\",\"https:\\\/\\\/www.pinterest.it\\\/changescoworking\"]}]}<\/script>\n<!-- \/ Yoast SEO plugin. -->","yoast_head_json":{"title":"Ufficio a Rovigo per la tua attivit\u00e0 | Arredo e servizio inclusi.","description":"Scopri il tuo prossimo ufficio a Rovigo. Nessun anticipo, servizi all inclusive e arredo professionale gi\u00e0 presente in struttura.","robots":{"index":"index","follow":"follow","max-snippet":"max-snippet:-1","max-image-preview":"max-image-preview:large","max-video-preview":"max-video-preview:-1"},"canonical":"https:\/\/changescoworking.com\/en\/ufficio-privato-rovigo\/","og_locale":"en_GB","og_type":"article","og_title":"Ufficio a Rovigo per la tua attivit\u00e0 | Arredo e servizio inclusi.","og_description":"Scopri il tuo prossimo ufficio a Rovigo. Nessun anticipo, servizi all inclusive e arredo professionale gi\u00e0 presente in struttura.","og_url":"https:\/\/changescoworking.com\/en\/ufficio-privato-rovigo\/","og_site_name":"Changes","article_publisher":"https:\/\/www.facebook.com\/changescoworking","article_modified_time":"2023-11-03T13:57:01+00:00","og_image":[{"url":"https:\/\/changescoworking.com\/wp-content\/uploads\/2023\/11\/Changes-67-720x1080.jpg","type":"","width":"","height":""}],"twitter_card":"summary_large_image","twitter_site":"@changescoworking","schema":{"@context":"https:\/\/schema.org","@graph":[{"@type":"WebPage","@id":"https:\/\/changescoworking.com\/ufficio-privato-rovigo\/","url":"https:\/\/changescoworking.com\/ufficio-privato-rovigo\/","name":"Ufficio a Rovigo per la tua attivit\u00e0 | Arredo e servizio inclusi.","isPartOf":{"@id":"https:\/\/changescoworking.com\/#website"},"primaryImageOfPage":{"@id":"https:\/\/changescoworking.com\/ufficio-privato-rovigo\/#primaryimage"},"image":{"@id":"https:\/\/changescoworking.com\/ufficio-privato-rovigo\/#primaryimage"},"thumbnailUrl":"https:\/\/changescoworking.com\/wp-content\/uploads\/2023\/11\/Changes-67-720x1080.jpg","datePublished":"2023-11-03T13:56:58+00:00","dateModified":"2023-11-03T13:57:01+00:00","description":"Scopri il tuo prossimo ufficio a Rovigo. Nessun anticipo, servizi all inclusive e arredo professionale gi\u00e0 presente in struttura.","breadcrumb":{"@id":"https:\/\/changescoworking.com\/ufficio-privato-rovigo\/#breadcrumb"},"inLanguage":"en-GB","potentialAction":[{"@type":"ReadAction","target":["https:\/\/changescoworking.com\/ufficio-privato-rovigo\/"]}]},{"@type":"ImageObject","inLanguage":"en-GB","@id":"https:\/\/changescoworking.com\/ufficio-privato-rovigo\/#primaryimage","url":"https:\/\/changescoworking.com\/wp-content\/uploads\/2023\/11\/Changes-67-720x1080.jpg","contentUrl":"https:\/\/changescoworking.com\/wp-content\/uploads\/2023\/11\/Changes-67-720x1080.jpg"},{"@type":"BreadcrumbList","@id":"https:\/\/changescoworking.com\/ufficio-privato-rovigo\/#breadcrumb","itemListElement":[{"@type":"ListItem","position":1,"name":"Home","item":"https:\/\/changescoworking.com\/"},{"@type":"ListItem","position":2,"name":"Ufficio Rovigo"}]},{"@type":"WebSite","@id":"https:\/\/changescoworking.com\/#website","url":"https:\/\/changescoworking.com\/","name":"Changes","description":"Coworking and work spaces in Italy.","publisher":{"@id":"https:\/\/changescoworking.com\/#organization"},"potentialAction":[{"@type":"SearchAction","target":{"@type":"EntryPoint","urlTemplate":"https:\/\/changescoworking.com\/?s={search_term_string}"},"query-input":{"@type":"PropertyValueSpecification","valueRequired":true,"valueName":"search_term_string"}}],"inLanguage":"en-GB"},{"@type":"Organization","@id":"https:\/\/changescoworking.com\/#organization","name":"Changes Coworking","url":"https:\/\/changescoworking.com\/","logo":{"@type":"ImageObject","inLanguage":"en-GB","@id":"https:\/\/changescoworking.com\/#\/schema\/logo\/image\/","url":"https:\/\/i0.wp.com\/changescoworking.com\/wp-content\/uploads\/2022\/06\/changes-logo.png?fit=300%2C96&ssl=1","contentUrl":"https:\/\/i0.wp.com\/changescoworking.com\/wp-content\/uploads\/2022\/06\/changes-logo.png?fit=300%2C96&ssl=1","width":300,"height":96,"caption":"Changes Coworking"},"image":{"@id":"https:\/\/changescoworking.com\/#\/schema\/logo\/image\/"},"sameAs":["https:\/\/www.facebook.com\/changescoworking","https:\/\/x.com\/changescoworking","https:\/\/www.instagram.com\/changescoworking","https:\/\/www.linkedin.com\/company\/70392816","https:\/\/www.pinterest.it\/changescoworking"]}]}},"jetpack_sharing_enabled":true,"jetpack_shortlink":"https:\/\/wp.me\/PcJEgB-1mV","jetpack_likes_enabled":false,"_links":{"self":[{"href":"https:\/\/changescoworking.com\/en\/wp-json\/wp\/v2\/pages\/5265","targetHints":{"allow":["GET"]}}],"collection":[{"href":"https:\/\/changescoworking.com\/en\/wp-json\/wp\/v2\/pages"}],"about":[{"href":"https:\/\/changescoworking.com\/en\/wp-json\/wp\/v2\/types\/page"}],"author":[{"embeddable":true,"href":"https:\/\/changescoworking.com\/en\/wp-json\/wp\/v2\/users\/1"}],"replies":[{"embeddable":true,"href":"https:\/\/changescoworking.com\/en\/wp-json\/wp\/v2\/comments?post=5265"}],"version-history":[{"count":2,"href":"https:\/\/changescoworking.com\/en\/wp-json\/wp\/v2\/pages\/5265\/revisions"}],"predecessor-version":[{"id":10977,"href":"https:\/\/changescoworking.com\/en\/wp-json\/wp\/v2\/pages\/5265\/revisions\/10977"}],"wp:attachment":[{"href":"https:\/\/changescoworking.com\/en\/wp-json\/wp\/v2\/media?parent=5265"}],"curies":[{"name":"wp","href":"https:\/\/api.w.org\/{rel}","templated":true}]}}